{"id":5,"date":"2022-10-12T11:33:53","date_gmt":"2022-10-12T11:33:53","guid":{"rendered":"https:\/\/paris-dj.fr\/?page_id=5"},"modified":"2022-10-12T12:57:42","modified_gmt":"2022-10-12T12:57:42","slug":"one-page-express","status":"publish","type":"page","link":"https:\/\/paris-dj.fr\/","title":{"rendered":"Front Page"},"content":{"rendered":"\n\n<div class=\"kk-star-ratings kksr-auto kksr-align-left kksr-valign-top\"\n    data-payload=\"{&quot;align&quot;:&quot;left&quot;,&quot;id&quot;:&quot;1&quot;,&quot;slug&quot;:&quot;default&quot;,&quot;valign&quot;:&quot;top&quot;,&quot;ignore&quot;:&quot;&quot;,&quot;reference&quot;:&quot;auto&quot;,&quot;class&quot;:&quot;&quot;,&quot;count&quot;:&quot;0&quot;,&quot;readonly&quot;:&quot;&quot;,&quot;score&quot;:&quot;0&quot;,&quot;best&quot;:&quot;5&quot;,&quot;gap&quot;:&quot;5&quot;,&quot;greet&quot;:&quot;Rate this post&quot;,&quot;legend&quot;:&quot;0\\\/5 - (0 vote)&quot;,&quot;size&quot;:&quot;24&quot;,&quot;width&quot;:&quot;0&quot;,&quot;_legend&quot;:&quot;{score}\\\/{best} - ({count} {votes})&quot;,&quot;font_factor&quot;:&quot;1.25&quot;}\">\n    \n<div class=\"kksr-stars\">\n    \n<div class=\"kksr-stars-inactive\">\n            <div class=\"kksr-star\" data-star=\"1\" style=\"padding-right: 5px\">\n            \n\n<div class=\"kksr-icon\" style=\"width: 24px; height: 24px;\"><\/div>\n        <\/div>\n            <div class=\"kksr-star\" data-star=\"2\" style=\"padding-right: 5px\">\n            \n\n<div class=\"kksr-icon\" style=\"width: 24px; height: 24px;\"><\/div>\n        <\/div>\n            <div class=\"kksr-star\" data-star=\"3\" style=\"padding-right: 5px\">\n            \n\n<div class=\"kksr-icon\" style=\"width: 24px; height: 24px;\"><\/div>\n        <\/div>\n            <div class=\"kksr-star\" data-star=\"4\" style=\"padding-right: 5px\">\n            \n\n<div class=\"kksr-icon\" style=\"width: 24px; height: 24px;\"><\/div>\n        <\/div>\n            <div class=\"kksr-star\" data-star=\"5\" style=\"padding-right: 5px\">\n            \n\n<div class=\"kksr-icon\" style=\"width: 24px; height: 24px;\"><\/div>\n        <\/div>\n    <\/div>\n    \n<div class=\"kksr-stars-active\" style=\"width: 0px;\">\n            <div class=\"kksr-star\" style=\"padding-right: 5px\">\n            \n\n<div class=\"kksr-icon\" style=\"width: 24px; height: 24px;\"><\/div>\n        <\/div>\n            <div class=\"kksr-star\" style=\"padding-right: 5px\">\n            \n\n<div class=\"kksr-icon\" style=\"width: 24px; height: 24px;\"><\/div>\n        <\/div>\n            <div class=\"kksr-star\" style=\"padding-right: 5px\">\n            \n\n<div class=\"kksr-icon\" style=\"width: 24px; height: 24px;\"><\/div>\n        <\/div>\n            <div class=\"kksr-star\" style=\"padding-right: 5px\">\n            \n\n<div class=\"kksr-icon\" style=\"width: 24px; height: 24px;\"><\/div>\n        <\/div>\n            <div class=\"kksr-star\" style=\"padding-right: 5px\">\n            \n\n<div class=\"kksr-icon\" style=\"width: 24px; height: 24px;\"><\/div>\n        <\/div>\n    <\/div>\n<\/div>\n    \n\n<div class=\"kksr-legend\" style=\"font-size: 19.2px;\">\n            <span class=\"kksr-muted\">Rate this post<\/span>\n    <\/div>\n<\/div>\n<div  id=\"overlapable-2\" style=\"background-color: #ffffff;\" data-label=\"Overlapable\" data-id=\"stripped-coloured-icon-boxes\" data-category=\"overlapable\" class=\"features-coloured-icon-boxes-section\" data-overlap=\"true\"> <div  class=\"gridContainer\"> <div  class=\"features-coloured-icon-boxes-innerrow flexbox-list dark-text\" data-type=\"row\">  <div  class=\"features-coloured-icon-boxes-featurecol cp3cols\"> <div  class=\"features-coloured-icon-boxes-iconcontainer\" data-content-item-container=\"true\"> <i  data-cp-fa=\"true\" class=\"features-coloured-icon fa fa-bolt\"><\/i> <\/div> <h4  class=\"\">R\u00e9activit\u00e9<\/h4> <p  class=\"\">Disponibles et r\u00e9actifs, nous nous ferons un plaisir de r\u00e9pondre \u00e0 toutes vos demandes rapidement.<\/p>  <\/div> <div  class=\"features-coloured-icon-boxes-featurecol cp3cols\"> <div  class=\"features-coloured-icon-boxes-iconcontainer\" data-content-item-container=\"true\"> <i  data-cp-fa=\"true\" class=\"features-coloured-icon fa fa-check\"><\/i> <\/div> <h4  class=\"\">Professionnalisme<\/h4> <p  class=\"\">Fort d\u2019une longue exp\u00e9rience, nous vous garantissons une prestation sur mesure.<\/p>  <\/div> <div  class=\"features-coloured-icon-boxes-featurecol cp3cols\"> <div  class=\"features-coloured-icon-boxes-iconcontainer\" data-content-item-container=\"true\"> <i  data-cp-fa=\"true\" class=\"features-coloured-icon fa fa-handshake-o\"><\/i> <\/div> <h4  class=\"\">Confiance<\/h4> <p  class=\"\">Nous avons contribu\u00e9 \u00e0 la r\u00e9ussite de bon nombre de vos soir\u00e9es, nous savons nous adapter \u00e0 tous types de soir\u00e9es.<\/p>  <\/div> <\/div> <\/div><\/div><div  id=\"nos-competences\" style=\"background-color: #ffffff;\" data-label=\"Nos competences\" data-id=\"content-image-left\" data-category=\"content\" class=\"content-left-image-section\"> <div  class=\"gridContainer\"> <div  class=\"row\"> <div  class=\"content-left-image-imgcol\" data-type=\"column\"> <img decoding=\"async\"  src=\"https:\/\/paris-dj.fr\/wp-content\/uploads\/2022\/10\/8C920087-88FD-43FA-B81E-5DAADAF3BC8A.jpg\" class=\"\" alt=\"Dj Paris\"> <\/div> <div  class=\"content-left-image-textcol dynamic-color\" data-type=\"column\"> <h2  class=\"\">Nos comp\u00e9tences au service de votre soir\u00e9e<\/h2> <p  class=\"large_text\">Vous cherchez un DJ professionnel \u00e0 Paris pour animer votre mariage, votre entreprise ou votre soir\u00e9e priv\u00e9e ? Ne cherchez plus, vous \u00eates au bon endroit !<br ><br >Nous mettons tout en \u0153uvre pour que votre soir\u00e9e soit inoubliable. Que vous souhaitez une animation musicale pour danser ou simplement une s\u00e9lection de musique de qualit\u00e9 en fond sonore, nous saurons r\u00e9pondre \u00e0 vos attentes.\n<br >\n<br >Notre \u00e9quipe de DJs professionnels est compos\u00e9e de DJs exp\u00e9riment\u00e9s et passionn\u00e9s. Ils sauront s\u2019adapter \u00e0 tous les types d\u2019\u00e9v\u00e9nements et publics pour vous proposer une prestation sur mesure.<br ><br >Que vous organisiez un mariage, une soir\u00e9e d\u2019entreprise ou une soir\u00e9e priv\u00e9e, nous mettons tout en \u0153uvre pour que votre soir\u00e9e soit inoubliable. Notre \u00e9quipe de DJs saura s\u2019adapter \u00e0 toutes les demandes et mettra tout en \u0153uvre pour que vos invit\u00e9s passent une excellente soir\u00e9e.<br ><br >Pour un mariage, nous pouvons par exemple proposer un package cl\u00e9 en main comprenant la musique d\u2019ambiance pendant la c\u00e9r\u00e9monie, le repas et la soir\u00e9e. Nous pouvons \u00e9galement mettre en place un package avec diff\u00e9rents forfaits en fonction de vos besoins et de votre budget.<br ><br >Pour une soir\u00e9e d\u2019entreprise ou une soir\u00e9e priv\u00e9e, nous pouvons proposer diff\u00e9rents services tels que la location de mat\u00e9riel sono et lumi\u00e8re, l\u2019animation musicale ou encore la mise en place d\u2019un karaok\u00e9. Nous pouvons \u00e9galement proposer des forfaits cl\u00e9s en main comprenant tout le mat\u00e9riel n\u00e9cessaire ainsi que l\u2019animation musicale de votre soir\u00e9e.<br ><br >N\u2019h\u00e9sitez pas \u00e0 nous contacter pour plus de renseignements ou pour obtenir un devis personnalis\u00e9.<\/p>  <\/div> <\/div> <\/div> <\/div><div  id=\"avantages\" style=\"background-color: #f6f6f6;\" data-label=\"Avantages\" data-id=\"content-image-right\" data-category=\"content\" class=\"content-right-image-section\"> <div  class=\"gridContainer\"> <div  class=\"content-right-image-gridcol\"> <div  class=\"content-right-image-textcol dynamic-color\" data-type=\"column\"> <h2  class=\"\">Les avantages d\u2019engager un DJ professionnel \u00e0 Paris<\/h2> <p  class=\"large_text\">Paris est une ville qui offre une multitude de possibilit\u00e9s en mati\u00e8re de divertissement. Il y a de nombreux clubs, bars et restaurants qui peuvent faire de votre soir\u00e9e une exp\u00e9rience inoubliable. Mais si vous voulez vraiment que votre soir\u00e9e soit m\u00e9morable, il est important d\u2019engager les services d\u2019un DJ professionnel \u00e0 Paris. Voici quelques avantages que vous pouvez tirer en engageant un DJ professionnel pour votre prochaine soir\u00e9e :<br ><br >1. Un DJ professionnel saura comment cr\u00e9er l\u2019ambiance parfaite pour votre soir\u00e9e.<br ><br >2. Un DJ professionnel poss\u00e8de une large collection de musique et saura comment s\u2019adapter \u00e0 vos go\u00fbts musicaux.<br ><br >3. Un DJ professionnel poss\u00e8de tout l\u2019\u00e9quipement n\u00e9cessaire pour rendre votre soir\u00e9e inoubliable.<br ><br >4. Un DJ professionnel est exp\u00e9riment\u00e9 et saura comment g\u00e9rer toutes les situations qui pourraient survenir pendant votre soir\u00e9e.<br ><br >5. Enfin, un DJ professionnel \u00e0 Paris sera capable de cr\u00e9er une atmosph\u00e8re unique et m\u00e9morable pour votre soir\u00e9e.<\/p>  <\/div> <div  class=\"content-right-image-imgcol\" data-type=\"column\"> <img decoding=\"async\"  src=\"https:\/\/paris-dj.fr\/wp-content\/uploads\/2022\/10\/6_Diner-Soiree-HD-263.jpg\" class=\"\" alt=\"Dj Paris\"> <\/div> <\/div> <\/div> <\/div><div  id=\"temoignages\" style=\"background-color: #f6f6f6;\" data-label=\"Temoignages\" data-id=\"testimonials-boxed-section\" data-category=\"testimonials\" class=\"testimonials-boxed-section\"> <div  class=\"gridContainer\"> <div  class=\"testimonials-boxed-textcol dynamic-color\" data-type=\"column\"> <h2  class=\"\">T\u00e9moignages de nos prestations<\/h2>  <\/div> <div  class=\"testimonials-boxed-itemsrow dark-text\" data-type=\"row\"> <div  class=\"testimonials-boxed-itemcol cp4cols cp6cols-tablet\"> <div  class=\"testimonials-boxed-itemcard\" data-type=\"column\"> <h4  class=\"testimonials-boxed-itemtext\">\u00ab&nbsp;Damien est un professionnel comp\u00e9tent, discret, \u00e0 l\u2019\u00e9coute et ultra sympathique ! Nous le remercions grandement pour la gestion musicale et lumineuse de notre mariage. La mat\u00e9riel qu\u2019il utilise est haut de gamme, \u00e0 l\u2019image de sa prestation ! Nous le recommandons vivement, vous pouvez le contacter les yeux ferm\u00e9s !&nbsp;\u00bb<\/h4> <h5  class=\"testimonials-boxed-itemname\">Cl\u00e9ment Lemaire<\/h5>  <\/div> <\/div> <div  class=\"testimonials-boxed-itemcol cp4cols cp6cols-tablet\"> <div  class=\"testimonials-boxed-itemcard\" data-type=\"column\"> <h4  class=\"testimonials-boxed-itemtext\">\u201cDamien a anim\u00e9 notre mariage pour les lumi\u00e8res et la musique. Une prestation au top depuis la prise de contact jusqu\u2019au jour J, la feuille de route nous a permis de personnaliser au maximum la soir\u00e9e selon nos envies et c\u2019\u00e9tait tr\u00e8s r\u00e9ussi. Merci \u00e0 Damien pour cette belle soir\u00e9e et pour sa gentillesse tout au long de nos \u00e9changes !\u201d<\/h4> <h5  class=\"testimonials-boxed-itemname\">Morgane<\/h5>  <\/div> <\/div> <div  class=\"testimonials-boxed-itemcol cp4cols cp6cols-tablet\"> <div  class=\"testimonials-boxed-itemcard\" data-type=\"column\"> <h4  class=\"testimonials-boxed-itemtext\">\u201cUn accompagnement parfait ! DJ parisien tr\u00e8s pro, sympa, avec qui on se sent beaucoup en confiance pour son Mariage.<br >Des conseils pr\u00e9cieux, une anticipation pour \u00e9viter tout impr\u00e9vu !<br >Quant \u00e0 la prestation musicale, elle \u00e9tait parfaite ! Mes invit\u00e9s ont ador\u00e9, ils m\u2019en reparlent encore !<br ><br >Je recommande +++ Dams event, c\u2019est fiable !\u201d<\/h4> <h5  class=\"testimonials-boxed-itemname\">Thomas Pratt<\/h5>  <\/div> <\/div> <\/div> <\/div><\/div><div  id=\"team-1\" style=\"background-color: #ffffff;\" data-label=\"Team\" data-id=\"team-colors-section\" data-category=\"team\" class=\"team-colors-section\"> <div  class=\"gridContainer\"> <div  class=\"team-colors-textcol dynamic-color\"> <h2 >Notre \u00e9quipe&nbsp;<\/h2> <p  class=\"\"><\/p> <\/div> <div  class=\"team-colors-membersrow dark-text\" data-type=\"row\"> <div  class=\"team-colors-membercol cp3cols cp6cols-tablet\"> <div  class=\"team-colors-membercard\"> <div  class=\"team-colors-background\"><\/div> <div  class=\"team-colors-memberinfo\" data-type=\"column\"><img decoding=\"async\"  class=\"team-colors-memberimg\" data-size=\"500x500\" src=\"https:\/\/paris-dj.fr\/wp-content\/uploads\/2022\/10\/damien.jpg\" alt=\"Dj Paris\"> <h4  class=\"team-colors-membername\">Damien<\/h4> <p  class=\"team-colors-memberposition\">DJ Animateur<\/p>  <hr  class=\"team-colors-separator\"> <\/div>  <\/div> <\/div> <div  class=\"team-colors-membercol cp3cols cp6cols-tablet\"> <div  class=\"team-colors-membercard\"> <div  class=\"team-colors-background\"><\/div> <div  class=\"team-colors-memberinfo\" data-type=\"column\"><img decoding=\"async\"  class=\"team-colors-memberimg\" data-size=\"500x500\" src=\"https:\/\/paris-dj.fr\/wp-content\/uploads\/2022\/10\/Ludovic.jpg\" alt=\"Dj Paris\"> <h4  class=\"team-colors-membername\">Ludovic<\/h4> <p  class=\"team-colors-memberposition\">DJ Animateur<\/p>  <hr  class=\"team-colors-separator\"> <\/div> <div  class=\"team-colors-membericons\" data-type=\"group\"> <a href=\"#\" target=\"_self\" data-reiki-hidden=\"true\" rel=\"noopener\"><i  data-cp-fa=\"true\" class=\"team-colors-icon fa fa-linkedin\"><\/i><\/a> <a href=\"#\" target=\"_self\" data-reiki-hidden=\"true\" rel=\"noopener\"><i  data-cp-fa=\"true\" class=\"fa team-colors-icon fa-twitter\"><\/i><\/a> <a href=\"#\" target=\"_self\" data-reiki-hidden=\"true\" rel=\"noopener\"><i  data-cp-fa=\"true\" class=\"fa team-colors-icon fa-dribbble\"><\/i><\/a> <\/div> <\/div> <\/div> <div  class=\"team-colors-membercol cp3cols cp6cols-tablet\"> <div  class=\"team-colors-membercard\"> <div  class=\"team-colors-background\"><\/div> <div  class=\"team-colors-memberinfo\" data-type=\"column\"><img decoding=\"async\"  class=\"team-colors-memberimg\" data-size=\"500x500\" src=\"https:\/\/paris-dj.fr\/wp-content\/uploads\/2022\/10\/Bakary.jpg\" alt=\"Dj Paris\"> <h4  class=\"team-colors-membername\">Bakary<\/h4> <p  class=\"team-colors-memberposition\">DJ Animateur<\/p>  <hr  class=\"team-colors-separator\"> <\/div>  <\/div> <\/div> <div  class=\"team-colors-membercol cp3cols cp6cols-tablet\"> <div  class=\"team-colors-membercard\"> <div  class=\"team-colors-background\"><\/div> <div  class=\"team-colors-memberinfo\" data-type=\"column\"><img decoding=\"async\"  class=\"team-colors-memberimg\" data-size=\"500x500\" src=\"https:\/\/paris-dj.fr\/wp-content\/uploads\/2022\/10\/Noemie.jpg\" alt=\"Dj Paris\"> <h4  class=\"team-colors-membername\">No\u00e9mie<\/h4> <p  class=\"team-colors-memberposition\">Photographe<\/p>  <hr  class=\"team-colors-separator\"> <\/div> <div  class=\"team-colors-membericons\" data-type=\"group\"> <a href=\"#\" target=\"_self\" data-reiki-hidden=\"true\" rel=\"noopener\"><i  data-cp-fa=\"true\" class=\"team-colors-icon fa fa-linkedin\"><\/i><\/a> <a href=\"#\" target=\"_self\" data-reiki-hidden=\"true\" rel=\"noopener\"><i  data-cp-fa=\"true\" class=\"fa team-colors-icon fa-twitter\"><\/i><\/a> <a href=\"#\" target=\"_self\" data-reiki-hidden=\"true\" rel=\"noopener\"><i  data-cp-fa=\"true\" class=\"fa team-colors-icon fa-dribbble\"><\/i><\/a> <\/div> <\/div> <\/div> <\/div> <\/div><\/div><div  id=\"contact-4\" data-label=\"Contact\" data-id=\"contact-section\" data-category=\"contact\" data-bg=\"transparent\" class=\"contact-section-formsection white-text\"> <div  class=\"gridContainer\"> <div  class=\"row_224\"> <div  class=\"contact-textrow\"> <div  class=\"contact-textcol dynamic-color\"> <h2  class=\"\">Nous contacter<\/h2> <p  class=\"white_text\"><\/p> <\/div> <\/div> <\/div> <div  class=\"contact-formcol\" data-content-shortcode=\"one_page_express_contact_form shortcode=&quot;contact-form-7 id=&amp;amp;quot;7&amp;amp;quot; title=&amp;amp;quot;Formulaire de contact 1&amp;amp;quot;&quot;\" data-editable=\"true\"><div role=\"form\" class=\"wpcf7\" id=\"wpcf7-f7-o1\" lang=\"fr-FR\" dir=\"ltr\">\n<div class=\"screen-reader-response\"><p role=\"status\" aria-live=\"polite\" aria-atomic=\"true\"><\/p> <ul><\/ul><\/div>\n<form action=\"\/index.php?rest_route=%2Fwp%2Fv2%2Fpages%2F5#wpcf7-f7-o1\" method=\"post\" class=\"wpcf7-form init\" novalidate=\"novalidate\" data-status=\"init\">\n<div style=\"display: none;\">\n<input type=\"hidden\" name=\"_wpcf7\" value=\"7\" \/>\n<input type=\"hidden\" name=\"_wpcf7_version\" value=\"5.6.3\" \/>\n<input type=\"hidden\" name=\"_wpcf7_locale\" value=\"fr_FR\" \/>\n<input type=\"hidden\" name=\"_wpcf7_unit_tag\" value=\"wpcf7-f7-o1\" \/>\n<input type=\"hidden\" name=\"_wpcf7_container_post\" value=\"0\" \/>\n<input type=\"hidden\" name=\"_wpcf7_posted_data_hash\" value=\"\" \/>\n<\/div>\n<p><label> Votre nom<br \/>\n    <span class=\"wpcf7-form-control-wrap\" data-name=\"your-name\"><input type=\"text\" name=\"your-name\" value=\"\" size=\"40\" class=\"wpcf7-form-control wpcf7-text wpcf7-validates-as-required\" aria-required=\"true\" aria-invalid=\"false\" \/><\/span> <\/label><\/p>\n<p><label> Votre e-mail<br \/>\n    <span class=\"wpcf7-form-control-wrap\" data-name=\"your-email\"><input type=\"email\" name=\"your-email\" value=\"\" size=\"40\" class=\"wpcf7-form-control wpcf7-text wpcf7-email wpcf7-validates-as-required wpcf7-validates-as-email\" aria-required=\"true\" aria-invalid=\"false\" \/><\/span> <\/label><\/p>\n<p><label> Num\u00e9ro de t\u00e9l\u00e9phone<br \/>\n    <span class=\"wpcf7-form-control-wrap\" data-name=\"your-phone\"><input type=\"tel\" name=\"your-phone\" value=\"\" size=\"40\" class=\"wpcf7-form-control wpcf7-text wpcf7-tel wpcf7-validates-as-required wpcf7-validates-as-tel\" aria-required=\"true\" aria-invalid=\"false\" \/><\/span> <\/label><\/p>\n<p><label> Votre message<br \/>\n    <span class=\"wpcf7-form-control-wrap\" data-name=\"your-message\"><textarea name=\"your-message\" cols=\"40\" rows=\"10\" class=\"wpcf7-form-control wpcf7-textarea wpcf7-validates-as-required\" aria-required=\"true\" aria-invalid=\"false\"><\/textarea><\/span> <\/label><\/p>\n<p><input type=\"submit\" value=\"Envoyer\" class=\"wpcf7-form-control has-spinner wpcf7-submit\" \/><\/p>\n<p style=\"display: none !important;\"><label>&#916;<textarea name=\"_wpcf7_ak_hp_textarea\" cols=\"45\" rows=\"8\" maxlength=\"100\"><\/textarea><\/label><input type=\"hidden\" id=\"ak_js_1\" name=\"_wpcf7_ak_js\" value=\"248\"\/><script>document.getElementById( \"ak_js_1\" ).setAttribute( \"value\", ( new Date() ).getTime() );<\/script><\/p><div class=\"wpcf7-response-output\" aria-hidden=\"true\"><\/div><\/form><\/div><\/div> <\/div><\/div>","protected":false},"excerpt":{"rendered":"<p>R\u00e9activit\u00e9 Disponibles et r\u00e9actifs, nous nous ferons un plaisir de r\u00e9pondre \u00e0 toutes vos demandes rapidement. Professionnalisme Fort d\u2019une longue exp\u00e9rience, nous vous garantissons une prestation sur mesure. Confiance Nous avons contribu\u00e9 \u00e0 la r\u00e9ussite de bon nombre de vos soir\u00e9es, nous savons nous adapter \u00e0 tous types de soir\u00e9es. Nos comp\u00e9tences au service de&hellip; <br \/> <a class=\"button small blue\" href=\"https:\/\/paris-dj.fr\/?p=1\">Lire la suite<\/a><\/p>\n","protected":false},"author":1,"featured_media":0,"parent":0,"menu_order":0,"comment_status":"closed","ping_status":"closed","template":"","meta":{"footnotes":""},"class_list":["post-5","page","type-page","status-publish","hentry"],"_links":{"self":[{"href":"https:\/\/paris-dj.fr\/index.php?rest_route=\/wp\/v2\/pages\/5","targetHints":{"allow":["GET"]}}],"collection":[{"href":"https:\/\/paris-dj.fr\/index.php?rest_route=\/wp\/v2\/pages"}],"about":[{"href":"https:\/\/paris-dj.fr\/index.php?rest_route=\/wp\/v2\/types\/page"}],"author":[{"embeddable":true,"href":"https:\/\/paris-dj.fr\/index.php?rest_route=\/wp\/v2\/users\/1"}],"replies":[{"embeddable":true,"href":"https:\/\/paris-dj.fr\/index.php?rest_route=%2Fwp%2Fv2%2Fcomments&post=5"}],"version-history":[{"count":26,"href":"https:\/\/paris-dj.fr\/index.php?rest_route=\/wp\/v2\/pages\/5\/revisions"}],"predecessor-version":[{"id":75,"href":"https:\/\/paris-dj.fr\/index.php?rest_route=\/wp\/v2\/pages\/5\/revisions\/75"}],"wp:attachment":[{"href":"https:\/\/paris-dj.fr\/index.php?rest_route=%2Fwp%2Fv2%2Fmedia&parent=5"}],"curies":[{"name":"wp","href":"https:\/\/api.w.org\/{rel}","templated":true}]}}